{"id":2,"date":"2026-01-15T14:50:23","date_gmt":"2026-01-15T11:50:23","guid":{"rendered":"https:\/\/viktoriya.com.tr\/?page_id=2"},"modified":"2026-01-28T18:19:12","modified_gmt":"2026-01-28T15:19:12","slug":"ornek-sayfa","status":"publish","type":"page","link":"https:\/\/viktoriya.com.tr\/?page_id=2","title":{"rendered":"B\u0130YOGRAF\u0130"},"content":{"rendered":"\n<p>1992 y\u0131l\u0131nda K\u0131rg\u0131zistan&#8217;da d\u00fcnyaya gelen Viktoriya, estetik ve zarafeti hen\u00fcz erken ya\u015flarda ya\u015fam\u0131n\u0131n merkezine koydu. E\u011fitim hayat\u0131n\u0131 do\u011fup b\u00fcy\u00fcd\u00fc\u011f\u00fc topraklarda tamamlayan model, akademik disiplinini yarat\u0131c\u0131 bir kariyerle birle\u015ftirme karar\u0131 alarak moda d\u00fcnyas\u0131na ad\u0131m att\u0131.<br><br>Modellik sanat\u0131na olan tutkusunu profesyonel bir zemine ta\u015f\u0131mak i\u00e7in mankenlik e\u011fitimleri ald\u0131. Bu s\u00fcre\u00e7te y\u00fcr\u00fcy\u00fc\u015f teknikleri, poz verme sanat\u0131 ve kamera \u00f6n\u00fc performans\u0131 konular\u0131nda uzmanla\u015ft\u0131. Disiplinli \u00e7al\u0131\u015fma eti\u011fi ve karakteristik y\u00fcz hatlar\u0131yla k\u0131sa s\u00fcrede sekt\u00f6r\u00fcn dikkatini \u00e7ekmeyi ba\u015fard\u0131.<br><br>Kariyeri boyunca hem yerel hem de uluslararas\u0131 arenada bir\u00e7ok \u00fcnl\u00fc marka ile i\u015fbirli\u011fi yapan Viktoriya, podyumlarda sergiledi\u011fi \u00f6zg\u00fcvenli duru\u015fuyla tan\u0131n\u0131yor. Klasik zarafeti modern \u00e7izgilerle harmanlayabilen nadir modellerden biri olarak y\u00fcksek moda \u00e7ekimlerinde, global markalar\u0131n y\u00fcz\u00fc olarak ve prestijli moda haftalar\u0131nda aktif rol alarak ba\u015far\u0131s\u0131n\u0131 kan\u0131tlad\u0131.<br><br><strong>Boy:<\/strong> 1.70 cm<br><strong>Kilo:<\/strong> 55 kg<br><strong>Sa\u00e7:<\/strong> A\u00e7\u0131k Kumral<br><strong>G\u00f6z:<\/strong> Mavi<br><strong>G\u00f6\u011f\u00fcs:<\/strong> 84 cm<br><strong>Bel: <\/strong>67 cm<br><strong>Basen:<\/strong> 90 cm<\/p>\n\n\n\n<p><br><\/p>\n","protected":false},"excerpt":{"rendered":"<p>1992 y\u0131l\u0131nda K\u0131rg\u0131zistan&#8217;da d\u00fcnyaya gelen Viktoriya, estetik ve zarafeti hen\u00fcz erken ya\u015flarda ya\u015fam\u0131n\u0131n [&hellip;]<\/p>\n","protected":false},"author":1,"featured_media":0,"parent":0,"menu_order":2,"comment_status":"closed","ping_status":"closed","template":"","meta":{"ngg_post_thumbnail":0,"footnotes":""},"class_list":["post-2","page","type-page","status-publish","hentry"],"_links":{"self":[{"href":"https:\/\/viktoriya.com.tr\/index.php?rest_route=\/wp\/v2\/pages\/2","targetHints":{"allow":["GET"]}}],"collection":[{"href":"https:\/\/viktoriya.com.tr\/index.php?rest_route=\/wp\/v2\/pages"}],"about":[{"href":"https:\/\/viktoriya.com.tr\/index.php?rest_route=\/wp\/v2\/types\/page"}],"author":[{"embeddable":true,"href":"https:\/\/viktoriya.com.tr\/index.php?rest_route=\/wp\/v2\/users\/1"}],"replies":[{"embeddable":true,"href":"https:\/\/viktoriya.com.tr\/index.php?rest_route=%2Fwp%2Fv2%2Fcomments&post=2"}],"version-history":[{"count":6,"href":"https:\/\/viktoriya.com.tr\/index.php?rest_route=\/wp\/v2\/pages\/2\/revisions"}],"predecessor-version":[{"id":233,"href":"https:\/\/viktoriya.com.tr\/index.php?rest_route=\/wp\/v2\/pages\/2\/revisions\/233"}],"wp:attachment":[{"href":"https:\/\/viktoriya.com.tr\/index.php?rest_route=%2Fwp%2Fv2%2Fmedia&parent=2"}],"curies":[{"name":"wp","href":"https:\/\/api.w.org\/{rel}","templated":true}]}}